{"id":25,"date":"2017-06-19T07:08:22","date_gmt":"2017-06-19T07:08:22","guid":{"rendered":"https:\/\/www.globaltranslation.com.pe\/contact\/"},"modified":"2025-03-01T21:42:39","modified_gmt":"2025-03-02T02:42:39","slug":"contactenos-traducciones-certificadas","status":"publish","type":"page","link":"https:\/\/www.globaltranslation.com.pe\/en\/contactenos-traducciones-certificadas\/","title":{"rendered":"contactenos-traducciones-certificadas"},"content":{"rendered":"\t\t<div data-elementor-type=\"wp-post\" data-elementor-id=\"25\" class=\"elementor elementor-25\">\n\t\t\t\t\t\t<section class=\"elementor-section elementor-top-section elementor-element elementor-element-27e672c elementor-section-stretched elementor-section-height-min-height elementor-section-boxed elementor-section-height-default elementor-section-items-middle elementor-invisible\" data-id=\"27e672c\" data-element_type=\"section\" data-e-type=\"section\" data-settings=\"{&quot;background_background&quot;:&quot;classic&quot;,&quot;stretch_section&quot;:&quot;section-stretched&quot;,&quot;animation&quot;:&quot;fadeIn&quot;}\">\n\t\t\t\t\t\t\t<div class=\"elementor-background-overlay\"><\/div>\n\t\t\t\t\t\t\t<div class=\"elementor-container elementor-column-gap-no\">\n\t\t\t\t\t<div class=\"elementor-column elementor-col-100 elementor-top-column elementor-element elementor-element-102e8c96\" data-id=\"102e8c96\" data-element_type=\"column\" data-e-type=\"column\">\n\t\t\t<div class=\"elementor-widget-wrap elementor-element-populated\">\n\t\t\t\t\t\t<div class=\"elementor-element elementor-element-3ff970b0 elementor-widget elementor-widget-heading\" data-id=\"3ff970b0\" data-element_type=\"widget\" data-e-type=\"widget\" data-widget_type=\"heading.default\">\n\t\t\t\t<div class=\"elementor-widget-container\">\n\t\t\t\t\t<h1 class=\"elementor-heading-title elementor-size-default\">Cont\u00e1ctanos <\/h1>\t\t\t\t<\/div>\n\t\t\t\t<\/div>\n\t\t\t\t\t<\/div>\n\t\t<\/div>\n\t\t\t\t\t<\/div>\n\t\t<\/section>\n\t\t\t\t<section class=\"elementor-section elementor-top-section elementor-element elementor-element-7f3da5a4 elementor-section-boxed elementor-section-height-default elementor-section-height-default\" data-id=\"7f3da5a4\" data-element_type=\"section\" data-e-type=\"section\" data-settings=\"{&quot;background_background&quot;:&quot;gradient&quot;}\">\n\t\t\t\t\t\t<div class=\"elementor-container elementor-column-gap-default\">\n\t\t\t\t\t<div class=\"elementor-column elementor-col-66 elementor-top-column elementor-element elementor-element-15170593\" data-id=\"15170593\" data-element_type=\"column\" data-e-type=\"column\">\n\t\t\t<div class=\"elementor-widget-wrap elementor-element-populated\">\n\t\t\t\t\t\t<div class=\"elementor-element elementor-element-732b7a12 elementor-widget elementor-widget-heading\" data-id=\"732b7a12\" data-element_type=\"widget\" data-e-type=\"widget\" data-widget_type=\"heading.default\">\n\t\t\t\t<div class=\"elementor-widget-container\">\n\t\t\t\t\t<h3 class=\"elementor-heading-title elementor-size-default\">\nSolicite una consulta gratuita<\/h3>\t\t\t\t<\/div>\n\t\t\t\t<\/div>\n\t\t\t\t<div class=\"elementor-element elementor-element-6c8c6b2 elementor-widget elementor-widget-text-editor\" data-id=\"6c8c6b2\" data-element_type=\"widget\" data-e-type=\"widget\" data-widget_type=\"text-editor.default\">\n\t\t\t\t<div class=\"elementor-widget-container\">\n\t\t\t\t\t\t\t\t\t<p><strong>Llene el formulario y nos pondremos en contacto en breve:<\/strong><\/p>\t\t\t\t\t\t\t\t<\/div>\n\t\t\t\t<\/div>\n\t\t\t\t<section class=\"elementor-section elementor-inner-section elementor-element elementor-element-4b2279d3 elementor-section-boxed elementor-section-height-default elementor-section-height-default\" data-id=\"4b2279d3\" data-element_type=\"section\" data-e-type=\"section\">\n\t\t\t\t\t\t<div class=\"elementor-container elementor-column-gap-no\">\n\t\t\t\t\t<div class=\"elementor-column elementor-col-50 elementor-inner-column elementor-element elementor-element-39782df\" data-id=\"39782df\" data-element_type=\"column\" data-e-type=\"column\" data-settings=\"{&quot;background_background&quot;:&quot;classic&quot;}\">\n\t\t\t<div class=\"elementor-widget-wrap elementor-element-populated\">\n\t\t\t\t\t\t<div class=\"elementor-element elementor-element-3bf02b85 elementor-widget elementor-widget-shortcode\" data-id=\"3bf02b85\" data-element_type=\"widget\" data-e-type=\"widget\" data-widget_type=\"shortcode.default\">\n\t\t\t\t<div class=\"elementor-widget-container\">\n\t\t\t\t\t\t\t<div class=\"elementor-shortcode\"><div class=\"wpforms-container \" id=\"wpforms-12\"><form id=\"wpforms-form-12\" class=\"wpforms-validate wpforms-form\" data-formid=\"12\" method=\"post\" enctype=\"multipart\/form-data\" action=\"\/en\/wp-json\/wp\/v2\/pages\/25\" data-token=\"97130090d249fa83d72dfb1fbe623711\"><noscript class=\"wpforms-error-noscript\">Please enable JavaScript in your browser to complete this form.<\/noscript><div class=\"wpforms-field-container\"><div id=\"wpforms-12-field_0-container\" class=\"wpforms-field wpforms-field-name\" data-field-id=\"0\"><label class=\"wpforms-field-label wpforms-label-hide\" for=\"wpforms-12-field_0\">Nombres Completos <span class=\"wpforms-required-label\">*<\/span><\/label><input type=\"text\" id=\"wpforms-12-field_0\" class=\"wpforms-field-large wpforms-field-required\" name=\"wpforms[fields][0]\" placeholder=\"Nombres Completos\" required><\/div><div id=\"wpforms-12-field_3-container\" class=\"wpforms-field wpforms-field-number\" data-field-id=\"3\"><label class=\"wpforms-field-label wpforms-label-hide\" for=\"wpforms-12-field_3\">N\u00fameros <span class=\"wpforms-required-label\">*<\/span><\/label><input type=\"number\" pattern=\"\\d*\" id=\"wpforms-12-field_3\" class=\"wpforms-field-large wpforms-field-required\" name=\"wpforms[fields][3]\" placeholder=\"Celular o tel\u00e9fono \" required><\/div><div id=\"wpforms-12-field_1-container\" class=\"wpforms-field wpforms-field-email\" data-field-id=\"1\"><label class=\"wpforms-field-label wpforms-label-hide\" for=\"wpforms-12-field_1\">Email<\/label><input type=\"email\" id=\"wpforms-12-field_1\" class=\"wpforms-field-large\" name=\"wpforms[fields][1]\" placeholder=\"Correo electr\u00f3nico (Opcional)\" ><\/div><div id=\"wpforms-12-field_5-container\" class=\"wpforms-field wpforms-field-select wpforms-field-select-style-classic\" data-field-id=\"5\"><label class=\"wpforms-field-label wpforms-label-hide\" for=\"wpforms-12-field_5\">Desplegable <span class=\"wpforms-required-label\">*<\/span><\/label><select id=\"wpforms-12-field_5\" class=\"wpforms-field-large wpforms-field-required\" name=\"wpforms[fields][5]\" required=\"required\"><option value=\"Seleccione un tipo de traducci\u00f3n \" >Seleccione un tipo de traducci\u00f3n <\/option><option value=\"Traducci\u00f3n Certificada \" >Traducci\u00f3n Certificada <\/option><option value=\"Traducci\u00f3n Digital\" >Traducci\u00f3n Digital<\/option><option value=\"Traducci\u00f3n  Especializada \" >Traducci\u00f3n  Especializada <\/option><option value=\"Traducci\u00f3n Express\" >Traducci\u00f3n Express<\/option><option value=\"Traducci\u00f3n Audio y Video\" >Traducci\u00f3n Audio y Video<\/option><option value=\"Revisi\u00f3n de documentos \" >Revisi\u00f3n de documentos <\/option><\/select><\/div><div id=\"wpforms-12-field_6-container\" class=\"wpforms-field wpforms-field-select wpforms-field-select-style-classic\" data-field-id=\"6\"><label class=\"wpforms-field-label wpforms-label-hide\" for=\"wpforms-12-field_6\">Desplegable <span class=\"wpforms-required-label\">*<\/span><\/label><select id=\"wpforms-12-field_6\" class=\"wpforms-field-large wpforms-field-required\" name=\"wpforms[fields][6]\" required=\"required\"><option value=\"Seleccione un tipo de interpretaci\u00f3n \"  selected='selected'>Seleccione un tipo de interpretaci\u00f3n <\/option><option value=\"Simult\u00e1nea\" >Simult\u00e1nea<\/option><option value=\"Consecutiva \" >Consecutiva <\/option><option value=\"Enlace\" >Enlace<\/option><\/select><\/div><div id=\"wpforms-12-field_7-container\" class=\"wpforms-field wpforms-field-select wpforms-field-select-style-classic\" data-field-id=\"7\"><label class=\"wpforms-field-label wpforms-label-hide\" for=\"wpforms-12-field_7\">Desplegable<\/label><select id=\"wpforms-12-field_7\" class=\"wpforms-field-large\" name=\"wpforms[fields][7]\"><option value=\"Seleccione el tipo de ense\u00f1anza \"  selected='selected'>Seleccione el tipo de ense\u00f1anza <\/option><option value=\"Clases de Espa\u00f1ol a extranjeros \" >Clases de Espa\u00f1ol a extranjeros <\/option><option value=\"Clases de ingles especializada \" >Clases de ingles especializada <\/option><\/select><\/div><div id=\"wpforms-12-field_2-container\" class=\"wpforms-field wpforms-field-textarea\" data-field-id=\"2\"><label class=\"wpforms-field-label wpforms-label-hide\" for=\"wpforms-12-field_2\">Message <span class=\"wpforms-required-label\">*<\/span><\/label><textarea id=\"wpforms-12-field_2\" class=\"wpforms-field-medium wpforms-field-required\" name=\"wpforms[fields][2]\" placeholder=\"Mensaje adicional \" required><\/textarea><\/div><\/div><div class=\"wpforms-field wpforms-field-hp\"><label for=\"wpforms-12-field-hp\" class=\"wpforms-field-label\">Phone<\/label><input type=\"text\" name=\"wpforms[hp]\" id=\"wpforms-12-field-hp\" class=\"wpforms-field-medium\"><\/div><div class=\"wpforms-submit-container\"><input type=\"hidden\" name=\"wpforms[id]\" value=\"12\"><input type=\"hidden\" name=\"wpforms[author]\" value=\"1\"><button type=\"submit\" name=\"wpforms[submit]\" id=\"wpforms-submit-12\" class=\"wpforms-submit\" data-alt-text=\"Enviando...\" data-submit-text=\"Enviar\" aria-live=\"assertive\" value=\"wpforms-submit\">Enviar<\/button><\/div><\/form><\/div>  <!-- .wpforms-container -->\t<\/div>\n\t\t\t\t\t\t<\/div>\n\t\t\t\t<\/div>\n\t\t\t\t\t<\/div>\n\t\t<\/div>\n\t\t\t\t<div class=\"elementor-column elementor-col-50 elementor-inner-column elementor-element elementor-element-3e3a0b91\" data-id=\"3e3a0b91\" data-element_type=\"column\" data-e-type=\"column\">\n\t\t\t<div class=\"elementor-widget-wrap elementor-element-populated\">\n\t\t\t\t\t\t<div class=\"elementor-element elementor-element-c1f5177 elementor-widget elementor-widget-html\" data-id=\"c1f5177\" data-element_type=\"widget\" data-e-type=\"widget\" data-widget_type=\"html.default\">\n\t\t\t\t<div class=\"elementor-widget-container\">\n\t\t\t\t\t<iframe src=\"https:\/\/www.google.com\/maps\/embed?pb=!1m18!1m12!1m3!1d7803.037551082501!2d-77.045940725638!3d-12.076595715789747!2m3!1f0!2f0!3f0!3m2!1i1024!2i768!4f13.1!3m3!1m2!1s0x9105c8e52c7e35f5%3A0xaffa66c3f3827415!2sGlobal%20Translation%20-%20Traducciones%20Certificadas!5e0!3m2!1ses!2spe!4v1638986018817!5m2!1ses!2spe\" width=\"600\" height=\"350\" style=\"border:0;\" allowfullscreen=\"\" loading=\"lazy\"><\/iframe>\t\t\t\t<\/div>\n\t\t\t\t<\/div>\n\t\t\t\t<div class=\"elementor-element elementor-element-4b8aa9a elementor-widget elementor-widget-html\" data-id=\"4b8aa9a\" data-element_type=\"widget\" data-e-type=\"widget\" data-widget_type=\"html.default\">\n\t\t\t\t<div class=\"elementor-widget-container\">\n\t\t\t\t\t<iframe src=\"https:\/\/www.google.com\/maps\/embed?pb=!1m18!1m12!1m3!1d3901.925546178312!2d-77.0311207!3d-12.0486437!2m3!1f0!2f0!3f0!3m2!1i1024!2i768!4f13.1!3m3!1m2!1s0x9105c92a3cbc08ab%3A0x4090e0f616e66a42!2sGlobal%20Translation%20-Centro%20de%20Lima!5e0!3m2!1ses!2spe!4v1740882235770!5m2!1ses!2spe\" width=\"600\" height=\"450\" style=\"border:0;\" allowfullscreen=\"\" loading=\"lazy\" referrerpolicy=\"no-referrer-when-downgrade\"><\/iframe>\t\t\t\t<\/div>\n\t\t\t\t<\/div>\n\t\t\t\t<div class=\"elementor-element elementor-element-719123f elementor-widget-divider--view-line elementor-widget elementor-widget-divider\" data-id=\"719123f\" data-element_type=\"widget\" data-e-type=\"widget\" data-widget_type=\"divider.default\">\n\t\t\t\t<div class=\"elementor-widget-container\">\n\t\t\t\t\t\t\t<div class=\"elementor-divider\">\n\t\t\t<span class=\"elementor-divider-separator\">\n\t\t\t\t\t\t<\/span>\n\t\t<\/div>\n\t\t\t\t\t\t<\/div>\n\t\t\t\t<\/div>\n\t\t\t\t\t<\/div>\n\t\t<\/div>\n\t\t\t\t\t<\/div>\n\t\t<\/section>\n\t\t\t\t\t<\/div>\n\t\t<\/div>\n\t\t\t\t<div class=\"elementor-column elementor-col-33 elementor-top-column elementor-element elementor-element-27145ed0\" data-id=\"27145ed0\" data-element_type=\"column\" data-e-type=\"column\">\n\t\t\t<div class=\"elementor-widget-wrap elementor-element-populated\">\n\t\t\t\t\t\t<div class=\"elementor-element elementor-element-40fa7e07 elementor-widget elementor-widget-heading\" data-id=\"40fa7e07\" data-element_type=\"widget\" data-e-type=\"widget\" data-widget_type=\"heading.default\">\n\t\t\t\t<div class=\"elementor-widget-container\">\n\t\t\t\t\t<h3 class=\"elementor-heading-title elementor-size-default\">P\u00f3ngase en contacto con nosotros<\/h3>\t\t\t\t<\/div>\n\t\t\t\t<\/div>\n\t\t\t\t<div class=\"elementor-element elementor-element-4711bd89 elementor-widget elementor-widget-heading\" data-id=\"4711bd89\" data-element_type=\"widget\" data-e-type=\"widget\" data-widget_type=\"heading.default\">\n\t\t\t\t<div class=\"elementor-widget-container\">\n\t\t\t\t\t<h6 class=\"elementor-heading-title elementor-size-default\">Cont\u00e1ctanos<\/h6>\t\t\t\t<\/div>\n\t\t\t\t<\/div>\n\t\t\t\t<div class=\"elementor-element elementor-element-34bc5f4b elementor-align-start elementor-icon-list--layout-traditional elementor-list-item-link-full_width elementor-widget elementor-widget-icon-list\" data-id=\"34bc5f4b\" data-element_type=\"widget\" data-e-type=\"widget\" data-widget_type=\"icon-list.default\">\n\t\t\t\t<div class=\"elementor-widget-container\">\n\t\t\t\t\t\t\t<ul class=\"elementor-icon-list-items\">\n\t\t\t\t\t\t\t<li class=\"elementor-icon-list-item\">\n\t\t\t\t\t\t\t\t\t\t\t<span class=\"elementor-icon-list-icon\">\n\t\t\t\t\t\t\t<i aria-hidden=\"true\" class=\"fas fa-map-marker-alt\"><\/i>\t\t\t\t\t\t<\/span>\n\t\t\t\t\t\t\t\t\t\t<span class=\"elementor-icon-list-text\">Pasaje Santiago Acu\u00f1a n.\u00b0 120-128, Cercado de Lima<\/span>\n\t\t\t\t\t\t\t\t\t<\/li>\n\t\t\t\t\t\t\t\t<li class=\"elementor-icon-list-item\">\n\t\t\t\t\t\t\t\t\t\t\t<span class=\"elementor-icon-list-icon\">\n\t\t\t\t\t\t\t<i aria-hidden=\"true\" class=\"fas fa-map-marker-alt\"><\/i>\t\t\t\t\t\t<\/span>\n\t\t\t\t\t\t\t\t\t\t<span class=\"elementor-icon-list-text\">Av. Gral. Eugenio Garz\u00f3n 1283, Of. 713, Jes\u00fas Mar\u00eda<\/span>\n\t\t\t\t\t\t\t\t\t<\/li>\n\t\t\t\t\t\t\t\t<li class=\"elementor-icon-list-item\">\n\t\t\t\t\t\t\t\t\t\t\t<span class=\"elementor-icon-list-icon\">\n\t\t\t\t\t\t\t<i aria-hidden=\"true\" class=\"fas fa-envelope\"><\/i>\t\t\t\t\t\t<\/span>\n\t\t\t\t\t\t\t\t\t\t<span class=\"elementor-icon-list-text\">contacto@globaltranslation.com.pe<\/span>\n\t\t\t\t\t\t\t\t\t<\/li>\n\t\t\t\t\t\t\t\t<li class=\"elementor-icon-list-item\">\n\t\t\t\t\t\t\t\t\t\t\t<span class=\"elementor-icon-list-icon\">\n\t\t\t\t\t\t\t<i aria-hidden=\"true\" class=\"fas fa-mobile\"><\/i>\t\t\t\t\t\t<\/span>\n\t\t\t\t\t\t\t\t\t\t<span class=\"elementor-icon-list-text\">(+51) 923 524 886<\/span>\n\t\t\t\t\t\t\t\t\t<\/li>\n\t\t\t\t\t\t<\/ul>\n\t\t\t\t\t\t<\/div>\n\t\t\t\t<\/div>\n\t\t\t\t<div class=\"elementor-element elementor-element-100e60f2 elementor-widget elementor-widget-heading\" data-id=\"100e60f2\" data-element_type=\"widget\" data-e-type=\"widget\" data-widget_type=\"heading.default\">\n\t\t\t\t<div class=\"elementor-widget-container\">\n\t\t\t\t\t<h6 class=\"elementor-heading-title elementor-size-default\">Atenci\u00f3n presencialmente <\/h6>\t\t\t\t<\/div>\n\t\t\t\t<\/div>\n\t\t\t\t<div class=\"elementor-element elementor-element-e1cab73 elementor-widget elementor-widget-text-editor\" data-id=\"e1cab73\" data-element_type=\"widget\" data-e-type=\"widget\" data-widget_type=\"text-editor.default\">\n\t\t\t\t<div class=\"elementor-widget-container\">\n\t\t\t\t\t\t\t\t\t<p>Visita Nuestra Oficina Principal, los esperamos<\/p>\t\t\t\t\t\t\t\t<\/div>\n\t\t\t\t<\/div>\n\t\t\t\t\t<\/div>\n\t\t<\/div>\n\t\t\t\t\t<\/div>\n\t\t<\/section>\n\t\t\t\t<\/div>\n\t\t","protected":false},"excerpt":{"rendered":"<p>Cont\u00e1ctanos Solicite una consulta gratuita Llene el formulario y nos pondremos en contacto en breve: P\u00f3ngase en contacto con nosotros Cont\u00e1ctanos Pasaje Santiago Acu\u00f1a n.\u00b0 120-128, Cercado de Lima Av. Gral. Eugenio Garz\u00f3n 1283, Of. 713, Jes\u00fas Mar\u00eda contacto@globaltranslation.com.pe (+51) 923 524 886 Atenci\u00f3n presencialmente Visita Nuestra Oficina Principal, los esperamos<\/p>","protected":false},"author":1,"featured_media":0,"parent":0,"menu_order":0,"comment_status":"closed","ping_status":"closed","template":"","meta":{"site-sidebar-layout":"no-sidebar","site-content-layout":"page-builder","ast-site-content-layout":"","site-content-style":"default","site-sidebar-style":"default","ast-global-header-display":"","ast-banner-title-visibility":"","ast-main-header-display":"","ast-hfb-above-header-display":"","ast-hfb-below-header-display":"","ast-hfb-mobile-header-display":"","site-post-title":"disabled","ast-breadcrumbs-content":"","ast-featured-img":"disabled","footer-sml-layout":"","theme-transparent-header-meta":"enabled","adv-header-id-meta":"","stick-header-meta":"","header-above-stick-meta":"","header-main-stick-meta":"","header-below-stick-meta":"","astra-migrate-meta-layouts":"default","ast-page-background-enabled":"default","ast-page-background-meta":{"desktop":{"background-color":"","background-image":"","background-repeat":"repeat","background-position":"center center","background-size":"auto","background-attachment":"scroll","background-type":"","background-media":"","overlay-type":"","overlay-color":"","overlay-opacity":"","overlay-gradient":""},"tablet":{"background-color":"","background-image":"","background-repeat":"repeat","background-position":"center center","background-size":"auto","background-attachment":"scroll","background-type":"","background-media":"","overlay-type":"","overlay-color":"","overlay-opacity":"","overlay-gradient":""},"mobile":{"background-color":"","background-image":"","background-repeat":"repeat","background-position":"center center","background-size":"auto","background-attachment":"scroll","background-type":"","background-media":"","overlay-type":"","overlay-color":"","overlay-opacity":"","overlay-gradient":""}},"ast-content-background-meta":{"desktop":{"background-color":"var(--ast-global-color-5)","background-image":"","background-repeat":"repeat","background-position":"center center","background-size":"auto","background-attachment":"scroll","background-type":"","background-media":"","overlay-type":"","overlay-color":"","overlay-opacity":"","overlay-gradient":""},"tablet":{"background-color":"var(--ast-global-color-5)","background-image":"","background-repeat":"repeat","background-position":"center center","background-size":"auto","background-attachment":"scroll","background-type":"","background-media":"","overlay-type":"","overlay-color":"","overlay-opacity":"","overlay-gradient":""},"mobile":{"background-color":"var(--ast-global-color-5)","background-image":"","background-repeat":"repeat","background-position":"center center","background-size":"auto","background-attachment":"scroll","background-type":"","background-media":"","overlay-type":"","overlay-color":"","overlay-opacity":"","overlay-gradient":""}},"_joinchat":[],"footnotes":""},"class_list":["post-25","page","type-page","status-publish","hentry"],"yoast_head":"<!-- This site is optimized with the Yoast SEO plugin v27.4 - https:\/\/yoast.com\/product\/yoast-seo-wordpress\/ -->\n<title>contactenos-traducciones-certificadas - globaltranslation<\/title>\n<meta name=\"robots\" content=\"index, follow, max-snippet:-1, max-image-preview:large, max-video-preview:-1\" \/>\n<link rel=\"canonical\" href=\"https:\/\/www.globaltranslation.com.pe\/en\/contactenos-traducciones-certificadas\/\" \/>\n<meta property=\"og:locale\" content=\"en_US\" \/>\n<meta property=\"og:type\" content=\"article\" \/>\n<meta property=\"og:title\" content=\"contactenos-traducciones-certificadas - globaltranslation\" \/>\n<meta property=\"og:description\" content=\"Cont\u00e1ctanos Solicite una consulta gratuita Llene el formulario y nos pondremos en contacto en breve: P\u00f3ngase en contacto con nosotros Cont\u00e1ctanos Pasaje Santiago Acu\u00f1a n.\u00b0 120-128, Cercado de Lima Av. Gral. Eugenio Garz\u00f3n 1283, Of. 713, Jes\u00fas Mar\u00eda contacto@globaltranslation.com.pe (+51) 923 524 886 Atenci\u00f3n presencialmente Visita Nuestra Oficina Principal, los esperamos\" \/>\n<meta property=\"og:url\" content=\"https:\/\/www.globaltranslation.com.pe\/en\/contactenos-traducciones-certificadas\/\" \/>\n<meta property=\"og:site_name\" content=\"globaltranslation\" \/>\n<meta property=\"article:modified_time\" content=\"2025-03-02T02:42:39+00:00\" \/>\n<meta name=\"twitter:card\" content=\"summary_large_image\" \/>\n<meta name=\"twitter:label1\" content=\"Est. reading time\" \/>\n\t<meta name=\"twitter:data1\" content=\"1 minute\" \/>\n<script type=\"application\/ld+json\" class=\"yoast-schema-graph\">{\"@context\":\"https:\\\/\\\/schema.org\",\"@graph\":[{\"@type\":\"WebPage\",\"@id\":\"https:\\\/\\\/www.globaltranslation.com.pe\\\/contactenos-traducciones-certificadas\\\/\",\"url\":\"https:\\\/\\\/www.globaltranslation.com.pe\\\/contactenos-traducciones-certificadas\\\/\",\"name\":\"contactenos-traducciones-certificadas - globaltranslation\",\"isPartOf\":{\"@id\":\"https:\\\/\\\/www.globaltranslation.com.pe\\\/#website\"},\"datePublished\":\"2017-06-19T07:08:22+00:00\",\"dateModified\":\"2025-03-02T02:42:39+00:00\",\"breadcrumb\":{\"@id\":\"https:\\\/\\\/www.globaltranslation.com.pe\\\/contactenos-traducciones-certificadas\\\/#breadcrumb\"},\"inLanguage\":\"en-US\",\"potentialAction\":[{\"@type\":\"ReadAction\",\"target\":[\"https:\\\/\\\/www.globaltranslation.com.pe\\\/contactenos-traducciones-certificadas\\\/\"]}]},{\"@type\":\"BreadcrumbList\",\"@id\":\"https:\\\/\\\/www.globaltranslation.com.pe\\\/contactenos-traducciones-certificadas\\\/#breadcrumb\",\"itemListElement\":[{\"@type\":\"ListItem\",\"position\":1,\"name\":\"Portada\",\"item\":\"https:\\\/\\\/www.globaltranslation.com.pe\\\/\"},{\"@type\":\"ListItem\",\"position\":2,\"name\":\"contactenos-traducciones-certificadas\"}]},{\"@type\":\"WebSite\",\"@id\":\"https:\\\/\\\/www.globaltranslation.com.pe\\\/#website\",\"url\":\"https:\\\/\\\/www.globaltranslation.com.pe\\\/\",\"name\":\"globaltranslation\",\"description\":\"Traducciones Certificadas en Lima\",\"potentialAction\":[{\"@type\":\"SearchAction\",\"target\":{\"@type\":\"EntryPoint\",\"urlTemplate\":\"https:\\\/\\\/www.globaltranslation.com.pe\\\/?s={search_term_string}\"},\"query-input\":{\"@type\":\"PropertyValueSpecification\",\"valueRequired\":true,\"valueName\":\"search_term_string\"}}],\"inLanguage\":\"en-US\"}]}<\/script>\n<!-- \/ Yoast SEO plugin. -->","yoast_head_json":{"title":"contactenos-traducciones-certificadas - globaltranslation","robots":{"index":"index","follow":"follow","max-snippet":"max-snippet:-1","max-image-preview":"max-image-preview:large","max-video-preview":"max-video-preview:-1"},"canonical":"https:\/\/www.globaltranslation.com.pe\/en\/contactenos-traducciones-certificadas\/","og_locale":"en_US","og_type":"article","og_title":"contactenos-traducciones-certificadas - globaltranslation","og_description":"Cont\u00e1ctanos Solicite una consulta gratuita Llene el formulario y nos pondremos en contacto en breve: P\u00f3ngase en contacto con nosotros Cont\u00e1ctanos Pasaje Santiago Acu\u00f1a n.\u00b0 120-128, Cercado de Lima Av. Gral. Eugenio Garz\u00f3n 1283, Of. 713, Jes\u00fas Mar\u00eda contacto@globaltranslation.com.pe (+51) 923 524 886 Atenci\u00f3n presencialmente Visita Nuestra Oficina Principal, los esperamos","og_url":"https:\/\/www.globaltranslation.com.pe\/en\/contactenos-traducciones-certificadas\/","og_site_name":"globaltranslation","article_modified_time":"2025-03-02T02:42:39+00:00","twitter_card":"summary_large_image","twitter_misc":{"Est. reading time":"1 minute"},"schema":{"@context":"https:\/\/schema.org","@graph":[{"@type":"WebPage","@id":"https:\/\/www.globaltranslation.com.pe\/contactenos-traducciones-certificadas\/","url":"https:\/\/www.globaltranslation.com.pe\/contactenos-traducciones-certificadas\/","name":"contactenos-traducciones-certificadas - globaltranslation","isPartOf":{"@id":"https:\/\/www.globaltranslation.com.pe\/#website"},"datePublished":"2017-06-19T07:08:22+00:00","dateModified":"2025-03-02T02:42:39+00:00","breadcrumb":{"@id":"https:\/\/www.globaltranslation.com.pe\/contactenos-traducciones-certificadas\/#breadcrumb"},"inLanguage":"en-US","potentialAction":[{"@type":"ReadAction","target":["https:\/\/www.globaltranslation.com.pe\/contactenos-traducciones-certificadas\/"]}]},{"@type":"BreadcrumbList","@id":"https:\/\/www.globaltranslation.com.pe\/contactenos-traducciones-certificadas\/#breadcrumb","itemListElement":[{"@type":"ListItem","position":1,"name":"Portada","item":"https:\/\/www.globaltranslation.com.pe\/"},{"@type":"ListItem","position":2,"name":"contactenos-traducciones-certificadas"}]},{"@type":"WebSite","@id":"https:\/\/www.globaltranslation.com.pe\/#website","url":"https:\/\/www.globaltranslation.com.pe\/","name":"globaltranslation","description":"Certified Translations in Lima","potentialAction":[{"@type":"SearchAction","target":{"@type":"EntryPoint","urlTemplate":"https:\/\/www.globaltranslation.com.pe\/?s={search_term_string}"},"query-input":{"@type":"PropertyValueSpecification","valueRequired":true,"valueName":"search_term_string"}}],"inLanguage":"en-US"}]}},"_links":{"self":[{"href":"https:\/\/www.globaltranslation.com.pe\/en\/wp-json\/wp\/v2\/pages\/25","targetHints":{"allow":["GET"]}}],"collection":[{"href":"https:\/\/www.globaltranslation.com.pe\/en\/wp-json\/wp\/v2\/pages"}],"about":[{"href":"https:\/\/www.globaltranslation.com.pe\/en\/wp-json\/wp\/v2\/types\/page"}],"author":[{"embeddable":true,"href":"https:\/\/www.globaltranslation.com.pe\/en\/wp-json\/wp\/v2\/users\/1"}],"replies":[{"embeddable":true,"href":"https:\/\/www.globaltranslation.com.pe\/en\/wp-json\/wp\/v2\/comments?post=25"}],"version-history":[{"count":31,"href":"https:\/\/www.globaltranslation.com.pe\/en\/wp-json\/wp\/v2\/pages\/25\/revisions"}],"predecessor-version":[{"id":2776,"href":"https:\/\/www.globaltranslation.com.pe\/en\/wp-json\/wp\/v2\/pages\/25\/revisions\/2776"}],"wp:attachment":[{"href":"https:\/\/www.globaltranslation.com.pe\/en\/wp-json\/wp\/v2\/media?parent=25"}],"curies":[{"name":"wp","href":"https:\/\/api.w.org\/{rel}","templated":true}]}}