{"id":2232,"date":"2021-11-25T18:41:10","date_gmt":"2021-11-25T18:41:10","guid":{"rendered":"https:\/\/www.globaltranslation.com.pe\/?page_id=2232"},"modified":"2021-11-25T18:43:16","modified_gmt":"2021-11-25T18:43:16","slug":"clases-de-espanol-a-extranjeros","status":"publish","type":"page","link":"https:\/\/www.globaltranslation.com.pe\/en\/clases-de-espanol-a-extranjeros\/","title":{"rendered":"Spanish classes for foreigners"},"content":{"rendered":"<div data-elementor-type=\"wp-page\" data-elementor-id=\"2232\" class=\"elementor elementor-2232\">\n\t\t\t\t\t\t<section class=\"elementor-section elementor-top-section elementor-element elementor-element-107f36e elementor-section-content-middle elementor-section-boxed elementor-section-height-default elementor-section-height-default\" data-id=\"107f36e\" data-element_type=\"section\" data-e-type=\"section\" data-settings=\"{&quot;background_background&quot;:&quot;classic&quot;}\">\n\t\t\t\t\t\t\t<div class=\"elementor-background-overlay\"><\/div>\n\t\t\t\t\t\t\t<div class=\"elementor-container elementor-column-gap-no\">\n\t\t\t\t\t<div class=\"elementor-column elementor-col-50 elementor-top-column elementor-element elementor-element-e3d4e3b\" data-id=\"e3d4e3b\" data-element_type=\"column\" data-e-type=\"column\">\n\t\t\t<div class=\"elementor-widget-wrap elementor-element-populated\">\n\t\t\t\t\t\t<div class=\"elementor-element elementor-element-d3d5c23 elementor-widget elementor-widget-image\" data-id=\"d3d5c23\" data-element_type=\"widget\" data-e-type=\"widget\" data-widget_type=\"image.default\">\n\t\t\t\t<div class=\"elementor-widget-container\">\n\t\t\t\t\t\t\t\t\t\t\t\t\t\t\t<img fetchpriority=\"high\" decoding=\"async\" width=\"351\" height=\"550\" src=\"https:\/\/www.globaltranslation.com.pe\/wp-content\/uploads\/2021\/11\/img01.png\" class=\"attachment-full size-full wp-image-2235\" alt=\"\" srcset=\"https:\/\/www.globaltranslation.com.pe\/wp-content\/uploads\/2021\/11\/img01.png 351w, https:\/\/www.globaltranslation.com.pe\/wp-content\/uploads\/2021\/11\/img01-191x300.png 191w\" sizes=\"(max-width: 351px) 100vw, 351px\" \/>\t\t\t\t\t\t\t\t\t\t\t\t\t\t\t<\/div>\n\t\t\t\t<\/div>\n\t\t\t\t\t<\/div>\n\t\t<\/div>\n\t\t\t\t<div class=\"elementor-column elementor-col-50 elementor-top-column elementor-element elementor-element-233f40c\" data-id=\"233f40c\" data-element_type=\"column\" data-e-type=\"column\">\n\t\t\t<div class=\"elementor-widget-wrap elementor-element-populated\">\n\t\t\t\t\t\t<div class=\"elementor-element elementor-element-12d7164 elementor-widget elementor-widget-heading\" data-id=\"12d7164\" data-element_type=\"widget\" data-e-type=\"widget\" data-widget_type=\"heading.default\">\n\t\t\t\t<div class=\"elementor-widget-container\">\n\t\t\t\t\t<h2 class=\"elementor-heading-title elementor-size-default\">SPANISH CLASSES FOR FOREIGNERS\n<\/h2>\t\t\t\t<\/div>\n\t\t\t\t<\/div>\n\t\t\t\t<div class=\"elementor-element elementor-element-29815a3 elementor-widget elementor-widget-text-editor\" data-id=\"29815a3\" data-element_type=\"widget\" data-e-type=\"widget\" data-widget_type=\"text-editor.default\">\n\t\t\t\t<div class=\"elementor-widget-container\">\n\t\t\t\t\t\t\t\t\t<p>Global Translation offers a personalized service at home or at your company's facilities to teach Spanish to foreigners in order for you to master the language and perform competitively in the job market.<\/p><p>The courses are taught by highly qualified teachers. You can schedule your classes according to the schedule, frequency and intensity you wish.<\/p><p>You will be required to take a proficiency exam.<\/p>\t\t\t\t\t\t\t\t<\/div>\n\t\t\t\t<\/div>\n\t\t\t\t\t<\/div>\n\t\t<\/div>\n\t\t\t\t\t<\/div>\n\t\t<\/section>\n\t\t\t\t<\/div>","protected":false},"excerpt":{"rendered":"<p>CLASES DE ESPA\u00d1OL A EXTRANJEROS Global Translation ofrece un servicio personalizado a domicilio o desde las instalaciones de su empresa de ense\u00f1anza de espa\u00f1ol a extranjeros a fin de que domine el idioma y desempe\u00f1arse competitivamente en el campo laboral. Los cursos son dictados por profesores altamente capacitados. Usted puede programar sus clases seg\u00fan el [&hellip;]<\/p>\n","protected":false},"author":1,"featured_media":0,"parent":0,"menu_order":0,"comment_status":"closed","ping_status":"closed","template":"","meta":{"site-sidebar-layout":"no-sidebar","site-content-layout":"page-builder","ast-site-content-layout":"","site-content-style":"default","site-sidebar-style":"default","ast-global-header-display":"","ast-banner-title-visibility":"","ast-main-header-display":"","ast-hfb-above-header-display":"","ast-hfb-below-header-display":"","ast-hfb-mobile-header-display":"","site-post-title":"disabled","ast-breadcrumbs-content":"","ast-featured-img":"disabled","footer-sml-layout":"","theme-transparent-header-meta":"","adv-header-id-meta":"","stick-header-meta":"","header-above-stick-meta":"","header-main-stick-meta":"","header-below-stick-meta":"","astra-migrate-meta-layouts":"default","ast-page-background-enabled":"default","ast-page-background-meta":{"desktop":{"background-color":"","background-image":"","background-repeat":"repeat","background-position":"center center","background-size":"auto","background-attachment":"scroll","background-type":"","background-media":"","overlay-type":"","overlay-color":"","overlay-opacity":"","overlay-gradient":""},"tablet":{"background-color":"","background-image":"","background-repeat":"repeat","background-position":"center center","background-size":"auto","background-attachment":"scroll","background-type":"","background-media":"","overlay-type":"","overlay-color":"","overlay-opacity":"","overlay-gradient":""},"mobile":{"background-color":"","background-image":"","background-repeat":"repeat","background-position":"center center","background-size":"auto","background-attachment":"scroll","background-type":"","background-media":"","overlay-type":"","overlay-color":"","overlay-opacity":"","overlay-gradient":""}},"ast-content-background-meta":{"desktop":{"background-color":"var(--ast-global-color-5)","background-image":"","background-repeat":"repeat","background-position":"center center","background-size":"auto","background-attachment":"scroll","background-type":"","background-media":"","overlay-type":"","overlay-color":"","overlay-opacity":"","overlay-gradient":""},"tablet":{"background-color":"var(--ast-global-color-5)","background-image":"","background-repeat":"repeat","background-position":"center center","background-size":"auto","background-attachment":"scroll","background-type":"","background-media":"","overlay-type":"","overlay-color":"","overlay-opacity":"","overlay-gradient":""},"mobile":{"background-color":"var(--ast-global-color-5)","background-image":"","background-repeat":"repeat","background-position":"center center","background-size":"auto","background-attachment":"scroll","background-type":"","background-media":"","overlay-type":"","overlay-color":"","overlay-opacity":"","overlay-gradient":""}},"_joinchat":[],"footnotes":""},"class_list":["post-2232","page","type-page","status-publish","hentry"],"yoast_head":"<!-- This site is optimized with the Yoast SEO plugin v27.4 - https:\/\/yoast.com\/product\/yoast-seo-wordpress\/ -->\n<title>Clases de Espa\u00f1ol a extranjeros - globaltranslation<\/title>\n<meta name=\"robots\" content=\"index, follow, max-snippet:-1, max-image-preview:large, max-video-preview:-1\" \/>\n<link rel=\"canonical\" href=\"https:\/\/www.globaltranslation.com.pe\/en\/clases-de-espanol-a-extranjeros\/\" \/>\n<meta property=\"og:locale\" content=\"en_US\" \/>\n<meta property=\"og:type\" content=\"article\" \/>\n<meta property=\"og:title\" content=\"Clases de Espa\u00f1ol a extranjeros - globaltranslation\" \/>\n<meta property=\"og:description\" content=\"CLASES DE ESPA\u00d1OL A EXTRANJEROS Global Translation ofrece un servicio personalizado a domicilio o desde las instalaciones de su empresa de ense\u00f1anza de espa\u00f1ol a extranjeros a fin de que domine el idioma y desempe\u00f1arse competitivamente en el campo laboral. Los cursos son dictados por profesores altamente capacitados. Usted puede programar sus clases seg\u00fan el [&hellip;]\" \/>\n<meta property=\"og:url\" content=\"https:\/\/www.globaltranslation.com.pe\/en\/clases-de-espanol-a-extranjeros\/\" \/>\n<meta property=\"og:site_name\" content=\"globaltranslation\" \/>\n<meta property=\"article:modified_time\" content=\"2021-11-25T18:43:16+00:00\" \/>\n<meta property=\"og:image\" content=\"https:\/\/www.globaltranslation.com.pe\/wp-content\/uploads\/2021\/11\/img01.png\" \/>\n<meta name=\"twitter:card\" content=\"summary_large_image\" \/>\n<script type=\"application\/ld+json\" class=\"yoast-schema-graph\">{\"@context\":\"https:\\\/\\\/schema.org\",\"@graph\":[{\"@type\":\"WebPage\",\"@id\":\"https:\\\/\\\/www.globaltranslation.com.pe\\\/en\\\/clases-de-espanol-a-extranjeros\\\/\",\"url\":\"https:\\\/\\\/www.globaltranslation.com.pe\\\/en\\\/clases-de-espanol-a-extranjeros\\\/\",\"name\":\"Clases de Espa\u00f1ol a extranjeros - globaltranslation\",\"isPartOf\":{\"@id\":\"https:\\\/\\\/www.globaltranslation.com.pe\\\/#website\"},\"primaryImageOfPage\":{\"@id\":\"https:\\\/\\\/www.globaltranslation.com.pe\\\/en\\\/clases-de-espanol-a-extranjeros\\\/#primaryimage\"},\"image\":{\"@id\":\"https:\\\/\\\/www.globaltranslation.com.pe\\\/en\\\/clases-de-espanol-a-extranjeros\\\/#primaryimage\"},\"thumbnailUrl\":\"https:\\\/\\\/www.globaltranslation.com.pe\\\/wp-content\\\/uploads\\\/2021\\\/11\\\/img01.png\",\"datePublished\":\"2021-11-25T18:41:10+00:00\",\"dateModified\":\"2021-11-25T18:43:16+00:00\",\"breadcrumb\":{\"@id\":\"https:\\\/\\\/www.globaltranslation.com.pe\\\/en\\\/clases-de-espanol-a-extranjeros\\\/#breadcrumb\"},\"inLanguage\":\"en-US\",\"potentialAction\":[{\"@type\":\"ReadAction\",\"target\":[\"https:\\\/\\\/www.globaltranslation.com.pe\\\/en\\\/clases-de-espanol-a-extranjeros\\\/\"]}]},{\"@type\":\"ImageObject\",\"inLanguage\":\"en-US\",\"@id\":\"https:\\\/\\\/www.globaltranslation.com.pe\\\/en\\\/clases-de-espanol-a-extranjeros\\\/#primaryimage\",\"url\":\"https:\\\/\\\/www.globaltranslation.com.pe\\\/wp-content\\\/uploads\\\/2021\\\/11\\\/img01.png\",\"contentUrl\":\"https:\\\/\\\/www.globaltranslation.com.pe\\\/wp-content\\\/uploads\\\/2021\\\/11\\\/img01.png\"},{\"@type\":\"BreadcrumbList\",\"@id\":\"https:\\\/\\\/www.globaltranslation.com.pe\\\/en\\\/clases-de-espanol-a-extranjeros\\\/#breadcrumb\",\"itemListElement\":[{\"@type\":\"ListItem\",\"position\":1,\"name\":\"Portada\",\"item\":\"https:\\\/\\\/www.globaltranslation.com.pe\\\/\"},{\"@type\":\"ListItem\",\"position\":2,\"name\":\"Clases de Espa\u00f1ol a extranjeros\"}]},{\"@type\":\"WebSite\",\"@id\":\"https:\\\/\\\/www.globaltranslation.com.pe\\\/#website\",\"url\":\"https:\\\/\\\/www.globaltranslation.com.pe\\\/\",\"name\":\"globaltranslation\",\"description\":\"Traducciones Certificadas en Lima\",\"potentialAction\":[{\"@type\":\"SearchAction\",\"target\":{\"@type\":\"EntryPoint\",\"urlTemplate\":\"https:\\\/\\\/www.globaltranslation.com.pe\\\/?s={search_term_string}\"},\"query-input\":{\"@type\":\"PropertyValueSpecification\",\"valueRequired\":true,\"valueName\":\"search_term_string\"}}],\"inLanguage\":\"en-US\"}]}<\/script>\n<!-- \/ Yoast SEO plugin. -->","yoast_head_json":{"title":"Clases de Espa\u00f1ol a extranjeros - globaltranslation","robots":{"index":"index","follow":"follow","max-snippet":"max-snippet:-1","max-image-preview":"max-image-preview:large","max-video-preview":"max-video-preview:-1"},"canonical":"https:\/\/www.globaltranslation.com.pe\/en\/clases-de-espanol-a-extranjeros\/","og_locale":"en_US","og_type":"article","og_title":"Clases de Espa\u00f1ol a extranjeros - globaltranslation","og_description":"CLASES DE ESPA\u00d1OL A EXTRANJEROS Global Translation ofrece un servicio personalizado a domicilio o desde las instalaciones de su empresa de ense\u00f1anza de espa\u00f1ol a extranjeros a fin de que domine el idioma y desempe\u00f1arse competitivamente en el campo laboral. Los cursos son dictados por profesores altamente capacitados. Usted puede programar sus clases seg\u00fan el [&hellip;]","og_url":"https:\/\/www.globaltranslation.com.pe\/en\/clases-de-espanol-a-extranjeros\/","og_site_name":"globaltranslation","article_modified_time":"2021-11-25T18:43:16+00:00","og_image":[{"url":"https:\/\/www.globaltranslation.com.pe\/wp-content\/uploads\/2021\/11\/img01.png","type":"","width":"","height":""}],"twitter_card":"summary_large_image","schema":{"@context":"https:\/\/schema.org","@graph":[{"@type":"WebPage","@id":"https:\/\/www.globaltranslation.com.pe\/en\/clases-de-espanol-a-extranjeros\/","url":"https:\/\/www.globaltranslation.com.pe\/en\/clases-de-espanol-a-extranjeros\/","name":"Clases de Espa\u00f1ol a extranjeros - globaltranslation","isPartOf":{"@id":"https:\/\/www.globaltranslation.com.pe\/#website"},"primaryImageOfPage":{"@id":"https:\/\/www.globaltranslation.com.pe\/en\/clases-de-espanol-a-extranjeros\/#primaryimage"},"image":{"@id":"https:\/\/www.globaltranslation.com.pe\/en\/clases-de-espanol-a-extranjeros\/#primaryimage"},"thumbnailUrl":"https:\/\/www.globaltranslation.com.pe\/wp-content\/uploads\/2021\/11\/img01.png","datePublished":"2021-11-25T18:41:10+00:00","dateModified":"2021-11-25T18:43:16+00:00","breadcrumb":{"@id":"https:\/\/www.globaltranslation.com.pe\/en\/clases-de-espanol-a-extranjeros\/#breadcrumb"},"inLanguage":"en-US","potentialAction":[{"@type":"ReadAction","target":["https:\/\/www.globaltranslation.com.pe\/en\/clases-de-espanol-a-extranjeros\/"]}]},{"@type":"ImageObject","inLanguage":"en-US","@id":"https:\/\/www.globaltranslation.com.pe\/en\/clases-de-espanol-a-extranjeros\/#primaryimage","url":"https:\/\/www.globaltranslation.com.pe\/wp-content\/uploads\/2021\/11\/img01.png","contentUrl":"https:\/\/www.globaltranslation.com.pe\/wp-content\/uploads\/2021\/11\/img01.png"},{"@type":"BreadcrumbList","@id":"https:\/\/www.globaltranslation.com.pe\/en\/clases-de-espanol-a-extranjeros\/#breadcrumb","itemListElement":[{"@type":"ListItem","position":1,"name":"Portada","item":"https:\/\/www.globaltranslation.com.pe\/"},{"@type":"ListItem","position":2,"name":"Clases de Espa\u00f1ol a extranjeros"}]},{"@type":"WebSite","@id":"https:\/\/www.globaltranslation.com.pe\/#website","url":"https:\/\/www.globaltranslation.com.pe\/","name":"globaltranslation","description":"Certified Translations in Lima","potentialAction":[{"@type":"SearchAction","target":{"@type":"EntryPoint","urlTemplate":"https:\/\/www.globaltranslation.com.pe\/?s={search_term_string}"},"query-input":{"@type":"PropertyValueSpecification","valueRequired":true,"valueName":"search_term_string"}}],"inLanguage":"en-US"}]}},"_links":{"self":[{"href":"https:\/\/www.globaltranslation.com.pe\/en\/wp-json\/wp\/v2\/pages\/2232","targetHints":{"allow":["GET"]}}],"collection":[{"href":"https:\/\/www.globaltranslation.com.pe\/en\/wp-json\/wp\/v2\/pages"}],"about":[{"href":"https:\/\/www.globaltranslation.com.pe\/en\/wp-json\/wp\/v2\/types\/page"}],"author":[{"embeddable":true,"href":"https:\/\/www.globaltranslation.com.pe\/en\/wp-json\/wp\/v2\/users\/1"}],"replies":[{"embeddable":true,"href":"https:\/\/www.globaltranslation.com.pe\/en\/wp-json\/wp\/v2\/comments?post=2232"}],"version-history":[{"count":4,"href":"https:\/\/www.globaltranslation.com.pe\/en\/wp-json\/wp\/v2\/pages\/2232\/revisions"}],"predecessor-version":[{"id":2238,"href":"https:\/\/www.globaltranslation.com.pe\/en\/wp-json\/wp\/v2\/pages\/2232\/revisions\/2238"}],"wp:attachment":[{"href":"https:\/\/www.globaltranslation.com.pe\/en\/wp-json\/wp\/v2\/media?parent=2232"}],"curies":[{"name":"wp","href":"https:\/\/api.w.org\/{rel}","templated":true}]}}