{"id":2220,"date":"2021-11-25T18:36:22","date_gmt":"2021-11-25T18:36:22","guid":{"rendered":"https:\/\/www.globaltranslation.com.pe\/?page_id=2220"},"modified":"2021-12-09T15:18:09","modified_gmt":"2021-12-09T15:18:09","slug":"enlace","status":"publish","type":"page","link":"https:\/\/www.globaltranslation.com.pe\/en\/enlace\/","title":{"rendered":"Liaison"},"content":{"rendered":"<div data-elementor-type=\"wp-page\" data-elementor-id=\"2220\" class=\"elementor elementor-2220\">\n\t\t\t\t\t\t<section class=\"elementor-section elementor-top-section elementor-element elementor-element-13a11d9 elementor-section-content-middle elementor-section-boxed elementor-section-height-default elementor-section-height-default\" data-id=\"13a11d9\" data-element_type=\"section\" data-e-type=\"section\" data-settings=\"{&quot;background_background&quot;:&quot;classic&quot;}\">\n\t\t\t\t\t\t\t<div class=\"elementor-background-overlay\"><\/div>\n\t\t\t\t\t\t\t<div class=\"elementor-container elementor-column-gap-no\">\n\t\t\t\t\t<div class=\"elementor-column elementor-col-50 elementor-top-column elementor-element elementor-element-c9cf735\" data-id=\"c9cf735\" data-element_type=\"column\" data-e-type=\"column\">\n\t\t\t<div class=\"elementor-widget-wrap elementor-element-populated\">\n\t\t\t\t\t\t<div class=\"elementor-element elementor-element-9a183c8 elementor-widget elementor-widget-heading\" data-id=\"9a183c8\" data-element_type=\"widget\" data-e-type=\"widget\" data-widget_type=\"heading.default\">\n\t\t\t\t<div class=\"elementor-widget-container\">\n\t\t\t\t\t<h2 class=\"elementor-heading-title elementor-size-default\">LIAISON INTERPRETATION<\/h2>\t\t\t\t<\/div>\n\t\t\t\t<\/div>\n\t\t\t\t<div class=\"elementor-element elementor-element-d746450 elementor-widget elementor-widget-text-editor\" data-id=\"d746450\" data-element_type=\"widget\" data-e-type=\"widget\" data-widget_type=\"text-editor.default\">\n\t\t\t\t<div class=\"elementor-widget-container\">\n\t\t\t\t\t\t\t\t\t<p>This is escort interpreting for business. You will be provided with an interpreter experienced in the terminology of your industry. The interpreter will be able to translate telephone conversations (or via skype) or conversations between you and your foreign client in small business meetings, round table discussions or special events.<\/p>\t\t\t\t\t\t\t\t<\/div>\n\t\t\t\t<\/div>\n\t\t\t\t\t<\/div>\n\t\t<\/div>\n\t\t\t\t<div class=\"elementor-column elementor-col-50 elementor-top-column elementor-element elementor-element-db6f4f2\" data-id=\"db6f4f2\" data-element_type=\"column\" data-e-type=\"column\">\n\t\t\t<div class=\"elementor-widget-wrap elementor-element-populated\">\n\t\t\t\t\t\t<div class=\"elementor-element elementor-element-8fd5570 elementor-widget elementor-widget-image\" data-id=\"8fd5570\" data-element_type=\"widget\" data-e-type=\"widget\" data-widget_type=\"image.default\">\n\t\t\t\t<div class=\"elementor-widget-container\">\n\t\t\t\t\t\t\t\t\t\t\t\t\t\t\t<img fetchpriority=\"high\" decoding=\"async\" width=\"1024\" height=\"683\" src=\"https:\/\/www.globaltranslation.com.pe\/wp-content\/uploads\/2021\/12\/5fb12705c3163b286271466c_remote-interpreting-1024x683-1.jpg\" class=\"attachment-full size-full wp-image-2567\" alt=\"\" srcset=\"https:\/\/www.globaltranslation.com.pe\/wp-content\/uploads\/2021\/12\/5fb12705c3163b286271466c_remote-interpreting-1024x683-1.jpg 1024w, https:\/\/www.globaltranslation.com.pe\/wp-content\/uploads\/2021\/12\/5fb12705c3163b286271466c_remote-interpreting-1024x683-1-300x200.jpg 300w, https:\/\/www.globaltranslation.com.pe\/wp-content\/uploads\/2021\/12\/5fb12705c3163b286271466c_remote-interpreting-1024x683-1-768x512.jpg 768w, https:\/\/www.globaltranslation.com.pe\/wp-content\/uploads\/2021\/12\/5fb12705c3163b286271466c_remote-interpreting-1024x683-1-18x12.jpg 18w\" sizes=\"(max-width: 1024px) 100vw, 1024px\" \/>\t\t\t\t\t\t\t\t\t\t\t\t\t\t\t<\/div>\n\t\t\t\t<\/div>\n\t\t\t\t\t<\/div>\n\t\t<\/div>\n\t\t\t\t\t<\/div>\n\t\t<\/section>\n\t\t\t\t<\/div>","protected":false},"excerpt":{"rendered":"<p>INTERPRETACI\u00d3N DE ENLACE Es la interpretaci\u00f3n de acompa\u00f1amiento para negocios. Se le proporcionar\u00e1 un int\u00e9rprete con experiencia en la terminolog\u00eda de su industria. El int\u00e9rprete podr\u00e1 traducir conversaciones telef\u00f3nicas (o v\u00eda skype) o conversaciones entre usted y su cliente extranjero en reuniones de negocios peque\u00f1as, mesa de trabajo o eventos especiales.<\/p>","protected":false},"author":1,"featured_media":0,"parent":0,"menu_order":0,"comment_status":"closed","ping_status":"closed","template":"","meta":{"site-sidebar-layout":"no-sidebar","site-content-layout":"page-builder","ast-site-content-layout":"","site-content-style":"default","site-sidebar-style":"default","ast-global-header-display":"","ast-banner-title-visibility":"","ast-main-header-display":"","ast-hfb-above-header-display":"","ast-hfb-below-header-display":"","ast-hfb-mobile-header-display":"","site-post-title":"disabled","ast-breadcrumbs-content":"","ast-featured-img":"disabled","footer-sml-layout":"","theme-transparent-header-meta":"","adv-header-id-meta":"","stick-header-meta":"","header-above-stick-meta":"","header-main-stick-meta":"","header-below-stick-meta":"","astra-migrate-meta-layouts":"default","ast-page-background-enabled":"default","ast-page-background-meta":{"desktop":{"background-color":"","background-image":"","background-repeat":"repeat","background-position":"center center","background-size":"auto","background-attachment":"scroll","background-type":"","background-media":"","overlay-type":"","overlay-color":"","overlay-opacity":"","overlay-gradient":""},"tablet":{"background-color":"","background-image":"","background-repeat":"repeat","background-position":"center center","background-size":"auto","background-attachment":"scroll","background-type":"","background-media":"","overlay-type":"","overlay-color":"","overlay-opacity":"","overlay-gradient":""},"mobile":{"background-color":"","background-image":"","background-repeat":"repeat","background-position":"center center","background-size":"auto","background-attachment":"scroll","background-type":"","background-media":"","overlay-type":"","overlay-color":"","overlay-opacity":"","overlay-gradient":""}},"ast-content-background-meta":{"desktop":{"background-color":"var(--ast-global-color-5)","background-image":"","background-repeat":"repeat","background-position":"center center","background-size":"auto","background-attachment":"scroll","background-type":"","background-media":"","overlay-type":"","overlay-color":"","overlay-opacity":"","overlay-gradient":""},"tablet":{"background-color":"var(--ast-global-color-5)","background-image":"","background-repeat":"repeat","background-position":"center center","background-size":"auto","background-attachment":"scroll","background-type":"","background-media":"","overlay-type":"","overlay-color":"","overlay-opacity":"","overlay-gradient":""},"mobile":{"background-color":"var(--ast-global-color-5)","background-image":"","background-repeat":"repeat","background-position":"center center","background-size":"auto","background-attachment":"scroll","background-type":"","background-media":"","overlay-type":"","overlay-color":"","overlay-opacity":"","overlay-gradient":""}},"_joinchat":[],"footnotes":""},"class_list":["post-2220","page","type-page","status-publish","hentry"],"yoast_head":"<!-- This site is optimized with the Yoast SEO plugin v27.4 - https:\/\/yoast.com\/product\/yoast-seo-wordpress\/ -->\n<title>Enlace - globaltranslation<\/title>\n<meta name=\"robots\" content=\"index, follow, max-snippet:-1, max-image-preview:large, max-video-preview:-1\" \/>\n<link rel=\"canonical\" href=\"https:\/\/www.globaltranslation.com.pe\/en\/enlace\/\" \/>\n<meta property=\"og:locale\" content=\"en_US\" \/>\n<meta property=\"og:type\" content=\"article\" \/>\n<meta property=\"og:title\" content=\"Enlace - globaltranslation\" \/>\n<meta property=\"og:description\" content=\"INTERPRETACI\u00d3N DE ENLACE Es la interpretaci\u00f3n de acompa\u00f1amiento para negocios. Se le proporcionar\u00e1 un int\u00e9rprete con experiencia en la terminolog\u00eda de su industria. El int\u00e9rprete podr\u00e1 traducir conversaciones telef\u00f3nicas (o v\u00eda skype) o conversaciones entre usted y su cliente extranjero en reuniones de negocios peque\u00f1as, mesa de trabajo o eventos especiales.\" \/>\n<meta property=\"og:url\" content=\"https:\/\/www.globaltranslation.com.pe\/en\/enlace\/\" \/>\n<meta property=\"og:site_name\" content=\"globaltranslation\" \/>\n<meta property=\"article:modified_time\" content=\"2021-12-09T15:18:09+00:00\" \/>\n<meta property=\"og:image\" content=\"https:\/\/www.globaltranslation.com.pe\/wp-content\/uploads\/2021\/12\/5fb12705c3163b286271466c_remote-interpreting-1024x683-1.jpg\" \/>\n<meta name=\"twitter:card\" content=\"summary_large_image\" \/>\n<script type=\"application\/ld+json\" class=\"yoast-schema-graph\">{\"@context\":\"https:\\\/\\\/schema.org\",\"@graph\":[{\"@type\":\"WebPage\",\"@id\":\"https:\\\/\\\/www.globaltranslation.com.pe\\\/en\\\/enlace\\\/\",\"url\":\"https:\\\/\\\/www.globaltranslation.com.pe\\\/en\\\/enlace\\\/\",\"name\":\"Enlace - globaltranslation\",\"isPartOf\":{\"@id\":\"https:\\\/\\\/www.globaltranslation.com.pe\\\/#website\"},\"primaryImageOfPage\":{\"@id\":\"https:\\\/\\\/www.globaltranslation.com.pe\\\/en\\\/enlace\\\/#primaryimage\"},\"image\":{\"@id\":\"https:\\\/\\\/www.globaltranslation.com.pe\\\/en\\\/enlace\\\/#primaryimage\"},\"thumbnailUrl\":\"https:\\\/\\\/www.globaltranslation.com.pe\\\/wp-content\\\/uploads\\\/2021\\\/12\\\/5fb12705c3163b286271466c_remote-interpreting-1024x683-1.jpg\",\"datePublished\":\"2021-11-25T18:36:22+00:00\",\"dateModified\":\"2021-12-09T15:18:09+00:00\",\"breadcrumb\":{\"@id\":\"https:\\\/\\\/www.globaltranslation.com.pe\\\/en\\\/enlace\\\/#breadcrumb\"},\"inLanguage\":\"en-US\",\"potentialAction\":[{\"@type\":\"ReadAction\",\"target\":[\"https:\\\/\\\/www.globaltranslation.com.pe\\\/en\\\/enlace\\\/\"]}]},{\"@type\":\"ImageObject\",\"inLanguage\":\"en-US\",\"@id\":\"https:\\\/\\\/www.globaltranslation.com.pe\\\/en\\\/enlace\\\/#primaryimage\",\"url\":\"https:\\\/\\\/www.globaltranslation.com.pe\\\/wp-content\\\/uploads\\\/2021\\\/12\\\/5fb12705c3163b286271466c_remote-interpreting-1024x683-1.jpg\",\"contentUrl\":\"https:\\\/\\\/www.globaltranslation.com.pe\\\/wp-content\\\/uploads\\\/2021\\\/12\\\/5fb12705c3163b286271466c_remote-interpreting-1024x683-1.jpg\"},{\"@type\":\"BreadcrumbList\",\"@id\":\"https:\\\/\\\/www.globaltranslation.com.pe\\\/en\\\/enlace\\\/#breadcrumb\",\"itemListElement\":[{\"@type\":\"ListItem\",\"position\":1,\"name\":\"Portada\",\"item\":\"https:\\\/\\\/www.globaltranslation.com.pe\\\/\"},{\"@type\":\"ListItem\",\"position\":2,\"name\":\"Enlace\"}]},{\"@type\":\"WebSite\",\"@id\":\"https:\\\/\\\/www.globaltranslation.com.pe\\\/#website\",\"url\":\"https:\\\/\\\/www.globaltranslation.com.pe\\\/\",\"name\":\"globaltranslation\",\"description\":\"Traducciones Certificadas en Lima\",\"potentialAction\":[{\"@type\":\"SearchAction\",\"target\":{\"@type\":\"EntryPoint\",\"urlTemplate\":\"https:\\\/\\\/www.globaltranslation.com.pe\\\/?s={search_term_string}\"},\"query-input\":{\"@type\":\"PropertyValueSpecification\",\"valueRequired\":true,\"valueName\":\"search_term_string\"}}],\"inLanguage\":\"en-US\"}]}<\/script>\n<!-- \/ Yoast SEO plugin. -->","yoast_head_json":{"title":"Enlace - globaltranslation","robots":{"index":"index","follow":"follow","max-snippet":"max-snippet:-1","max-image-preview":"max-image-preview:large","max-video-preview":"max-video-preview:-1"},"canonical":"https:\/\/www.globaltranslation.com.pe\/en\/enlace\/","og_locale":"en_US","og_type":"article","og_title":"Enlace - globaltranslation","og_description":"INTERPRETACI\u00d3N DE ENLACE Es la interpretaci\u00f3n de acompa\u00f1amiento para negocios. Se le proporcionar\u00e1 un int\u00e9rprete con experiencia en la terminolog\u00eda de su industria. El int\u00e9rprete podr\u00e1 traducir conversaciones telef\u00f3nicas (o v\u00eda skype) o conversaciones entre usted y su cliente extranjero en reuniones de negocios peque\u00f1as, mesa de trabajo o eventos especiales.","og_url":"https:\/\/www.globaltranslation.com.pe\/en\/enlace\/","og_site_name":"globaltranslation","article_modified_time":"2021-12-09T15:18:09+00:00","og_image":[{"url":"https:\/\/www.globaltranslation.com.pe\/wp-content\/uploads\/2021\/12\/5fb12705c3163b286271466c_remote-interpreting-1024x683-1.jpg","type":"","width":"","height":""}],"twitter_card":"summary_large_image","schema":{"@context":"https:\/\/schema.org","@graph":[{"@type":"WebPage","@id":"https:\/\/www.globaltranslation.com.pe\/en\/enlace\/","url":"https:\/\/www.globaltranslation.com.pe\/en\/enlace\/","name":"Enlace - globaltranslation","isPartOf":{"@id":"https:\/\/www.globaltranslation.com.pe\/#website"},"primaryImageOfPage":{"@id":"https:\/\/www.globaltranslation.com.pe\/en\/enlace\/#primaryimage"},"image":{"@id":"https:\/\/www.globaltranslation.com.pe\/en\/enlace\/#primaryimage"},"thumbnailUrl":"https:\/\/www.globaltranslation.com.pe\/wp-content\/uploads\/2021\/12\/5fb12705c3163b286271466c_remote-interpreting-1024x683-1.jpg","datePublished":"2021-11-25T18:36:22+00:00","dateModified":"2021-12-09T15:18:09+00:00","breadcrumb":{"@id":"https:\/\/www.globaltranslation.com.pe\/en\/enlace\/#breadcrumb"},"inLanguage":"en-US","potentialAction":[{"@type":"ReadAction","target":["https:\/\/www.globaltranslation.com.pe\/en\/enlace\/"]}]},{"@type":"ImageObject","inLanguage":"en-US","@id":"https:\/\/www.globaltranslation.com.pe\/en\/enlace\/#primaryimage","url":"https:\/\/www.globaltranslation.com.pe\/wp-content\/uploads\/2021\/12\/5fb12705c3163b286271466c_remote-interpreting-1024x683-1.jpg","contentUrl":"https:\/\/www.globaltranslation.com.pe\/wp-content\/uploads\/2021\/12\/5fb12705c3163b286271466c_remote-interpreting-1024x683-1.jpg"},{"@type":"BreadcrumbList","@id":"https:\/\/www.globaltranslation.com.pe\/en\/enlace\/#breadcrumb","itemListElement":[{"@type":"ListItem","position":1,"name":"Portada","item":"https:\/\/www.globaltranslation.com.pe\/"},{"@type":"ListItem","position":2,"name":"Enlace"}]},{"@type":"WebSite","@id":"https:\/\/www.globaltranslation.com.pe\/#website","url":"https:\/\/www.globaltranslation.com.pe\/","name":"globaltranslation","description":"Certified Translations in Lima","potentialAction":[{"@type":"SearchAction","target":{"@type":"EntryPoint","urlTemplate":"https:\/\/www.globaltranslation.com.pe\/?s={search_term_string}"},"query-input":{"@type":"PropertyValueSpecification","valueRequired":true,"valueName":"search_term_string"}}],"inLanguage":"en-US"}]}},"_links":{"self":[{"href":"https:\/\/www.globaltranslation.com.pe\/en\/wp-json\/wp\/v2\/pages\/2220","targetHints":{"allow":["GET"]}}],"collection":[{"href":"https:\/\/www.globaltranslation.com.pe\/en\/wp-json\/wp\/v2\/pages"}],"about":[{"href":"https:\/\/www.globaltranslation.com.pe\/en\/wp-json\/wp\/v2\/types\/page"}],"author":[{"embeddable":true,"href":"https:\/\/www.globaltranslation.com.pe\/en\/wp-json\/wp\/v2\/users\/1"}],"replies":[{"embeddable":true,"href":"https:\/\/www.globaltranslation.com.pe\/en\/wp-json\/wp\/v2\/comments?post=2220"}],"version-history":[{"count":13,"href":"https:\/\/www.globaltranslation.com.pe\/en\/wp-json\/wp\/v2\/pages\/2220\/revisions"}],"predecessor-version":[{"id":2570,"href":"https:\/\/www.globaltranslation.com.pe\/en\/wp-json\/wp\/v2\/pages\/2220\/revisions\/2570"}],"wp:attachment":[{"href":"https:\/\/www.globaltranslation.com.pe\/en\/wp-json\/wp\/v2\/media?parent=2220"}],"curies":[{"name":"wp","href":"https:\/\/api.w.org\/{rel}","templated":true}]}}