{"id":2202,"date":"2021-11-25T17:58:49","date_gmt":"2021-11-25T17:58:49","guid":{"rendered":"https:\/\/www.globaltranslation.com.pe\/?page_id=2202"},"modified":"2021-12-10T17:30:23","modified_gmt":"2021-12-10T17:30:23","slug":"interpretacion-simultanea","status":"publish","type":"page","link":"https:\/\/www.globaltranslation.com.pe\/en\/interpretacion-simultanea\/","title":{"rendered":"Interpretaci\u00f3n simultanea"},"content":{"rendered":"<div data-elementor-type=\"wp-page\" data-elementor-id=\"2202\" class=\"elementor elementor-2202\">\n\t\t\t\t\t\t<section class=\"elementor-section elementor-top-section elementor-element elementor-element-oie03sr elementor-section-content-middle elementor-section-boxed elementor-section-height-default elementor-section-height-default\" data-id=\"oie03sr\" data-element_type=\"section\" data-e-type=\"section\" data-settings=\"{&quot;background_background&quot;:&quot;classic&quot;}\">\n\t\t\t\t\t\t\t<div class=\"elementor-background-overlay\"><\/div>\n\t\t\t\t\t\t\t<div class=\"elementor-container elementor-column-gap-no\">\n\t\t\t\t\t<div class=\"elementor-column elementor-col-50 elementor-top-column elementor-element elementor-element-1f377f6\" data-id=\"1f377f6\" data-element_type=\"column\" data-e-type=\"column\">\n\t\t\t<div class=\"elementor-widget-wrap elementor-element-populated\">\n\t\t\t\t\t\t<div class=\"elementor-element elementor-element-91cf7de elementor-widget elementor-widget-heading\" data-id=\"91cf7de\" data-element_type=\"widget\" data-e-type=\"widget\" data-widget_type=\"heading.default\">\n\t\t\t\t<div class=\"elementor-widget-container\">\n\t\t\t\t\t<h2 class=\"elementor-heading-title elementor-size-default\">SIMULTANEOUS INTERPRETATION<\/h2>\t\t\t\t<\/div>\n\t\t\t\t<\/div>\n\t\t\t\t<div class=\"elementor-element elementor-element-a16f8e5 elementor-widget elementor-widget-text-editor\" data-id=\"a16f8e5\" data-element_type=\"widget\" data-e-type=\"widget\" data-widget_type=\"text-editor.default\">\n\t\t\t\t<div class=\"elementor-widget-container\">\n\t\t\t\t\t\t\t\t\t<p>It is the right tool for meetings, conferences or seminars with several languages where fluid and immediate communication is required, since the interpretation reaches the participant instantly. It is done from a booth, using wireless equipment that allows the participant to listen to the event in his or her own language.<\/p>\t\t\t\t\t\t\t\t<\/div>\n\t\t\t\t<\/div>\n\t\t\t\t\t<\/div>\n\t\t<\/div>\n\t\t\t\t<div class=\"elementor-column elementor-col-50 elementor-top-column elementor-element elementor-element-d5abc8a\" data-id=\"d5abc8a\" data-element_type=\"column\" data-e-type=\"column\">\n\t\t\t<div class=\"elementor-widget-wrap elementor-element-populated\">\n\t\t\t\t\t\t<div class=\"elementor-element elementor-element-78825ce elementor-widget elementor-widget-image\" data-id=\"78825ce\" data-element_type=\"widget\" data-e-type=\"widget\" data-widget_type=\"image.default\">\n\t\t\t\t<div class=\"elementor-widget-container\">\n\t\t\t\t\t\t\t\t\t\t\t\t\t\t\t<img fetchpriority=\"high\" decoding=\"async\" width=\"500\" height=\"400\" src=\"https:\/\/www.globaltranslation.com.pe\/wp-content\/uploads\/2021\/11\/interpretation.jpg\" class=\"attachment-full size-full wp-image-1779\" alt=\"\" srcset=\"https:\/\/www.globaltranslation.com.pe\/wp-content\/uploads\/2021\/11\/interpretation.jpg 500w, https:\/\/www.globaltranslation.com.pe\/wp-content\/uploads\/2021\/11\/interpretation-300x240.jpg 300w\" sizes=\"(max-width: 500px) 100vw, 500px\" \/>\t\t\t\t\t\t\t\t\t\t\t\t\t\t\t<\/div>\n\t\t\t\t<\/div>\n\t\t\t\t\t<\/div>\n\t\t<\/div>\n\t\t\t\t\t<\/div>\n\t\t<\/section>\n\t\t\t\t<\/div>","protected":false},"excerpt":{"rendered":"<p>INTERPRETACI\u00d3N SIMULT\u00c1NEA Es la herramienta adecuada para reuniones, conferencias o seminarios con varios idiomas donde se requiere una comunicaci\u00f3n fluida e inmediata, ya que la interpretaci\u00f3n llega instant\u00e1neamente al participante. Se realiza desde una cabina, mediante un equipo inal\u00e1mbrico que permite al participante escuchar el evento en su propio idioma.<\/p>","protected":false},"author":1,"featured_media":0,"parent":0,"menu_order":0,"comment_status":"closed","ping_status":"closed","template":"","meta":{"site-sidebar-layout":"no-sidebar","site-content-layout":"page-builder","ast-site-content-layout":"","site-content-style":"default","site-sidebar-style":"default","ast-global-header-display":"","ast-banner-title-visibility":"","ast-main-header-display":"","ast-hfb-above-header-display":"","ast-hfb-below-header-display":"","ast-hfb-mobile-header-display":"","site-post-title":"disabled","ast-breadcrumbs-content":"","ast-featured-img":"disabled","footer-sml-layout":"","theme-transparent-header-meta":"","adv-header-id-meta":"","stick-header-meta":"","header-above-stick-meta":"","header-main-stick-meta":"","header-below-stick-meta":"","astra-migrate-meta-layouts":"default","ast-page-background-enabled":"default","ast-page-background-meta":{"desktop":{"background-color":"","background-image":"","background-repeat":"repeat","background-position":"center center","background-size":"auto","background-attachment":"scroll","background-type":"","background-media":"","overlay-type":"","overlay-color":"","overlay-opacity":"","overlay-gradient":""},"tablet":{"background-color":"","background-image":"","background-repeat":"repeat","background-position":"center center","background-size":"auto","background-attachment":"scroll","background-type":"","background-media":"","overlay-type":"","overlay-color":"","overlay-opacity":"","overlay-gradient":""},"mobile":{"background-color":"","background-image":"","background-repeat":"repeat","background-position":"center center","background-size":"auto","background-attachment":"scroll","background-type":"","background-media":"","overlay-type":"","overlay-color":"","overlay-opacity":"","overlay-gradient":""}},"ast-content-background-meta":{"desktop":{"background-color":"var(--ast-global-color-5)","background-image":"","background-repeat":"repeat","background-position":"center center","background-size":"auto","background-attachment":"scroll","background-type":"","background-media":"","overlay-type":"","overlay-color":"","overlay-opacity":"","overlay-gradient":""},"tablet":{"background-color":"var(--ast-global-color-5)","background-image":"","background-repeat":"repeat","background-position":"center center","background-size":"auto","background-attachment":"scroll","background-type":"","background-media":"","overlay-type":"","overlay-color":"","overlay-opacity":"","overlay-gradient":""},"mobile":{"background-color":"var(--ast-global-color-5)","background-image":"","background-repeat":"repeat","background-position":"center center","background-size":"auto","background-attachment":"scroll","background-type":"","background-media":"","overlay-type":"","overlay-color":"","overlay-opacity":"","overlay-gradient":""}},"_joinchat":[],"footnotes":""},"class_list":["post-2202","page","type-page","status-publish","hentry"],"yoast_head":"<!-- This site is optimized with the Yoast SEO plugin v27.4 - https:\/\/yoast.com\/product\/yoast-seo-wordpress\/ -->\n<title>Interpretaci\u00f3n simultanea - globaltranslation<\/title>\n<meta name=\"robots\" content=\"index, follow, max-snippet:-1, max-image-preview:large, max-video-preview:-1\" \/>\n<link rel=\"canonical\" href=\"https:\/\/www.globaltranslation.com.pe\/en\/interpretacion-simultanea\/\" \/>\n<meta property=\"og:locale\" content=\"en_US\" \/>\n<meta property=\"og:type\" content=\"article\" \/>\n<meta property=\"og:title\" content=\"Interpretaci\u00f3n simultanea - globaltranslation\" \/>\n<meta property=\"og:description\" content=\"INTERPRETACI\u00d3N SIMULT\u00c1NEA Es la herramienta adecuada para reuniones, conferencias o seminarios con varios idiomas donde se requiere una comunicaci\u00f3n fluida e inmediata, ya que la interpretaci\u00f3n llega instant\u00e1neamente al participante. Se realiza desde una cabina, mediante un equipo inal\u00e1mbrico que permite al participante escuchar el evento en su propio idioma.\" \/>\n<meta property=\"og:url\" content=\"https:\/\/www.globaltranslation.com.pe\/en\/interpretacion-simultanea\/\" \/>\n<meta property=\"og:site_name\" content=\"globaltranslation\" \/>\n<meta property=\"article:modified_time\" content=\"2021-12-10T17:30:23+00:00\" \/>\n<meta property=\"og:image\" content=\"https:\/\/www.globaltranslation.com.pe\/wp-content\/uploads\/2021\/11\/interpretation.jpg\" \/>\n<meta name=\"twitter:card\" content=\"summary_large_image\" \/>\n<script type=\"application\/ld+json\" class=\"yoast-schema-graph\">{\"@context\":\"https:\\\/\\\/schema.org\",\"@graph\":[{\"@type\":\"WebPage\",\"@id\":\"https:\\\/\\\/www.globaltranslation.com.pe\\\/en\\\/interpretacion-simultanea\\\/\",\"url\":\"https:\\\/\\\/www.globaltranslation.com.pe\\\/en\\\/interpretacion-simultanea\\\/\",\"name\":\"Interpretaci\u00f3n simultanea - globaltranslation\",\"isPartOf\":{\"@id\":\"https:\\\/\\\/www.globaltranslation.com.pe\\\/#website\"},\"primaryImageOfPage\":{\"@id\":\"https:\\\/\\\/www.globaltranslation.com.pe\\\/en\\\/interpretacion-simultanea\\\/#primaryimage\"},\"image\":{\"@id\":\"https:\\\/\\\/www.globaltranslation.com.pe\\\/en\\\/interpretacion-simultanea\\\/#primaryimage\"},\"thumbnailUrl\":\"https:\\\/\\\/www.globaltranslation.com.pe\\\/wp-content\\\/uploads\\\/2021\\\/11\\\/interpretation.jpg\",\"datePublished\":\"2021-11-25T17:58:49+00:00\",\"dateModified\":\"2021-12-10T17:30:23+00:00\",\"breadcrumb\":{\"@id\":\"https:\\\/\\\/www.globaltranslation.com.pe\\\/en\\\/interpretacion-simultanea\\\/#breadcrumb\"},\"inLanguage\":\"en-US\",\"potentialAction\":[{\"@type\":\"ReadAction\",\"target\":[\"https:\\\/\\\/www.globaltranslation.com.pe\\\/en\\\/interpretacion-simultanea\\\/\"]}]},{\"@type\":\"ImageObject\",\"inLanguage\":\"en-US\",\"@id\":\"https:\\\/\\\/www.globaltranslation.com.pe\\\/en\\\/interpretacion-simultanea\\\/#primaryimage\",\"url\":\"https:\\\/\\\/www.globaltranslation.com.pe\\\/wp-content\\\/uploads\\\/2021\\\/11\\\/interpretation.jpg\",\"contentUrl\":\"https:\\\/\\\/www.globaltranslation.com.pe\\\/wp-content\\\/uploads\\\/2021\\\/11\\\/interpretation.jpg\"},{\"@type\":\"BreadcrumbList\",\"@id\":\"https:\\\/\\\/www.globaltranslation.com.pe\\\/en\\\/interpretacion-simultanea\\\/#breadcrumb\",\"itemListElement\":[{\"@type\":\"ListItem\",\"position\":1,\"name\":\"Portada\",\"item\":\"https:\\\/\\\/www.globaltranslation.com.pe\\\/\"},{\"@type\":\"ListItem\",\"position\":2,\"name\":\"Interpretaci\u00f3n simultanea\"}]},{\"@type\":\"WebSite\",\"@id\":\"https:\\\/\\\/www.globaltranslation.com.pe\\\/#website\",\"url\":\"https:\\\/\\\/www.globaltranslation.com.pe\\\/\",\"name\":\"globaltranslation\",\"description\":\"Traducciones Certificadas en Lima\",\"potentialAction\":[{\"@type\":\"SearchAction\",\"target\":{\"@type\":\"EntryPoint\",\"urlTemplate\":\"https:\\\/\\\/www.globaltranslation.com.pe\\\/?s={search_term_string}\"},\"query-input\":{\"@type\":\"PropertyValueSpecification\",\"valueRequired\":true,\"valueName\":\"search_term_string\"}}],\"inLanguage\":\"en-US\"}]}<\/script>\n<!-- \/ Yoast SEO plugin. -->","yoast_head_json":{"title":"Interpretaci\u00f3n simultanea - globaltranslation","robots":{"index":"index","follow":"follow","max-snippet":"max-snippet:-1","max-image-preview":"max-image-preview:large","max-video-preview":"max-video-preview:-1"},"canonical":"https:\/\/www.globaltranslation.com.pe\/en\/interpretacion-simultanea\/","og_locale":"en_US","og_type":"article","og_title":"Interpretaci\u00f3n simultanea - globaltranslation","og_description":"INTERPRETACI\u00d3N SIMULT\u00c1NEA Es la herramienta adecuada para reuniones, conferencias o seminarios con varios idiomas donde se requiere una comunicaci\u00f3n fluida e inmediata, ya que la interpretaci\u00f3n llega instant\u00e1neamente al participante. Se realiza desde una cabina, mediante un equipo inal\u00e1mbrico que permite al participante escuchar el evento en su propio idioma.","og_url":"https:\/\/www.globaltranslation.com.pe\/en\/interpretacion-simultanea\/","og_site_name":"globaltranslation","article_modified_time":"2021-12-10T17:30:23+00:00","og_image":[{"url":"https:\/\/www.globaltranslation.com.pe\/wp-content\/uploads\/2021\/11\/interpretation.jpg","type":"","width":"","height":""}],"twitter_card":"summary_large_image","schema":{"@context":"https:\/\/schema.org","@graph":[{"@type":"WebPage","@id":"https:\/\/www.globaltranslation.com.pe\/en\/interpretacion-simultanea\/","url":"https:\/\/www.globaltranslation.com.pe\/en\/interpretacion-simultanea\/","name":"Interpretaci\u00f3n simultanea - globaltranslation","isPartOf":{"@id":"https:\/\/www.globaltranslation.com.pe\/#website"},"primaryImageOfPage":{"@id":"https:\/\/www.globaltranslation.com.pe\/en\/interpretacion-simultanea\/#primaryimage"},"image":{"@id":"https:\/\/www.globaltranslation.com.pe\/en\/interpretacion-simultanea\/#primaryimage"},"thumbnailUrl":"https:\/\/www.globaltranslation.com.pe\/wp-content\/uploads\/2021\/11\/interpretation.jpg","datePublished":"2021-11-25T17:58:49+00:00","dateModified":"2021-12-10T17:30:23+00:00","breadcrumb":{"@id":"https:\/\/www.globaltranslation.com.pe\/en\/interpretacion-simultanea\/#breadcrumb"},"inLanguage":"en-US","potentialAction":[{"@type":"ReadAction","target":["https:\/\/www.globaltranslation.com.pe\/en\/interpretacion-simultanea\/"]}]},{"@type":"ImageObject","inLanguage":"en-US","@id":"https:\/\/www.globaltranslation.com.pe\/en\/interpretacion-simultanea\/#primaryimage","url":"https:\/\/www.globaltranslation.com.pe\/wp-content\/uploads\/2021\/11\/interpretation.jpg","contentUrl":"https:\/\/www.globaltranslation.com.pe\/wp-content\/uploads\/2021\/11\/interpretation.jpg"},{"@type":"BreadcrumbList","@id":"https:\/\/www.globaltranslation.com.pe\/en\/interpretacion-simultanea\/#breadcrumb","itemListElement":[{"@type":"ListItem","position":1,"name":"Portada","item":"https:\/\/www.globaltranslation.com.pe\/"},{"@type":"ListItem","position":2,"name":"Interpretaci\u00f3n simultanea"}]},{"@type":"WebSite","@id":"https:\/\/www.globaltranslation.com.pe\/#website","url":"https:\/\/www.globaltranslation.com.pe\/","name":"globaltranslation","description":"Certified Translations in Lima","potentialAction":[{"@type":"SearchAction","target":{"@type":"EntryPoint","urlTemplate":"https:\/\/www.globaltranslation.com.pe\/?s={search_term_string}"},"query-input":{"@type":"PropertyValueSpecification","valueRequired":true,"valueName":"search_term_string"}}],"inLanguage":"en-US"}]}},"_links":{"self":[{"href":"https:\/\/www.globaltranslation.com.pe\/en\/wp-json\/wp\/v2\/pages\/2202","targetHints":{"allow":["GET"]}}],"collection":[{"href":"https:\/\/www.globaltranslation.com.pe\/en\/wp-json\/wp\/v2\/pages"}],"about":[{"href":"https:\/\/www.globaltranslation.com.pe\/en\/wp-json\/wp\/v2\/types\/page"}],"author":[{"embeddable":true,"href":"https:\/\/www.globaltranslation.com.pe\/en\/wp-json\/wp\/v2\/users\/1"}],"replies":[{"embeddable":true,"href":"https:\/\/www.globaltranslation.com.pe\/en\/wp-json\/wp\/v2\/comments?post=2202"}],"version-history":[{"count":13,"href":"https:\/\/www.globaltranslation.com.pe\/en\/wp-json\/wp\/v2\/pages\/2202\/revisions"}],"predecessor-version":[{"id":2582,"href":"https:\/\/www.globaltranslation.com.pe\/en\/wp-json\/wp\/v2\/pages\/2202\/revisions\/2582"}],"wp:attachment":[{"href":"https:\/\/www.globaltranslation.com.pe\/en\/wp-json\/wp\/v2\/media?parent=2202"}],"curies":[{"name":"wp","href":"https:\/\/api.w.org\/{rel}","templated":true}]}}